{"id":23,"date":"2016-02-12T08:12:49","date_gmt":"2016-02-12T08:12:49","guid":{"rendered":"http:\/\/demos.famethemes.com\/onepress\/?page_id=23"},"modified":"2024-04-10T07:56:31","modified_gmt":"2024-04-10T05:56:31","slug":"service-title-1","status":"publish","type":"page","link":"http:\/\/tischler-johannsmann.de\/wordpress\/service-title-1\/","title":{"rendered":"Innenausbau"},"content":{"rendered":"<p>Beim Innenausbau dreht sich alles darum, R\u00e4ume so zu gestalten, dass sie nicht nur praktisch sind, sondern auch gut aussehen. Ob ma\u00dfgefertigte Einbauschr\u00e4nke oder individuelle Wandverkleidungen \u2013 gemeinsam machen wir aus Ihren Ideen wohnliche Realit\u00e4t.<\/p>\n\n\n<figure class=\"wp-block-gallery has-nested-images columns-default is-cropped wp-block-gallery-1 is-layout-flex wp-block-gallery-is-layout-flex\"><\/figure>\n\n\n\n<p><\/p>\n","protected":false},"excerpt":{"rendered":"<p>Beim Innenausbau dreht sich alles darum, R\u00e4ume so zu gestalten, dass sie nicht nur praktisch sind, sondern auch gut aussehen. <\/p>\n","protected":false},"author":1,"featured_media":1543,"parent":0,"menu_order":0,"comment_status":"closed","ping_status":"closed","template":"","meta":{"footnotes":""},"_links":{"self":[{"href":"http:\/\/tischler-johannsmann.de\/wordpress\/wp-json\/wp\/v2\/pages\/23"}],"collection":[{"href":"http:\/\/tischler-johannsmann.de\/wordpress\/wp-json\/wp\/v2\/pages"}],"about":[{"href":"http:\/\/tischler-johannsmann.de\/wordpress\/wp-json\/wp\/v2\/types\/page"}],"author":[{"embeddable":true,"href":"http:\/\/tischler-johannsmann.de\/wordpress\/wp-json\/wp\/v2\/users\/1"}],"replies":[{"embeddable":true,"href":"http:\/\/tischler-johannsmann.de\/wordpress\/wp-json\/wp\/v2\/comments?post=23"}],"version-history":[{"count":5,"href":"http:\/\/tischler-johannsmann.de\/wordpress\/wp-json\/wp\/v2\/pages\/23\/revisions"}],"predecessor-version":[{"id":1674,"href":"http:\/\/tischler-johannsmann.de\/wordpress\/wp-json\/wp\/v2\/pages\/23\/revisions\/1674"}],"wp:featuredmedia":[{"embeddable":true,"href":"http:\/\/tischler-johannsmann.de\/wordpress\/wp-json\/wp\/v2\/media\/1543"}],"wp:attachment":[{"href":"http:\/\/tischler-johannsmann.de\/wordpress\/wp-json\/wp\/v2\/media?parent=23"}],"curies":[{"name":"wp","href":"https:\/\/api.w.org\/{rel}","templated":true}]}}