{"id":24,"date":"2016-02-12T08:13:06","date_gmt":"2016-02-12T08:13:06","guid":{"rendered":"http:\/\/demos.famethemes.com\/onepress\/?page_id=24"},"modified":"2024-01-02T09:01:47","modified_gmt":"2024-01-02T08:01:47","slug":"service-title-2","status":"publish","type":"page","link":"http:\/\/tischler-johannsmann.de\/wordpress\/service-title-2\/","title":{"rendered":"M\u00f6bel- &#038; Einrichtungsbau"},"content":{"rendered":"<p>M\u00f6bel zu schaffen, die nicht nur ihren Zweck erf\u00fcllen, sondern auch eine Geschichte erz\u00e4hlen. Egal, ob Sie einen Esstisch oder einen Wohnzimmerschrank suchen \u2013 lassen Sie uns zusammen Ihre Wohntr\u00e4ume umsetzen.<\/p>\n\n\n<figure class=\"wp-block-gallery has-nested-images columns-default is-cropped wp-block-gallery-1 is-layout-flex wp-block-gallery-is-layout-flex\">\n<figure class=\"wp-block-image size-large\"><a href=\"http:\/\/tischler-johannsmann.de\/wordpress\/wp-content\/uploads\/2019\/02\/IMG-20180120-WA0025.jpg\"><img loading=\"lazy\" decoding=\"async\" width=\"1280\" height=\"960\" data-id=\"1540\" src=\"http:\/\/tischler-johannsmann.de\/wordpress\/wp-content\/uploads\/2019\/02\/IMG-20180120-WA0025.jpg\" alt=\"\" class=\"wp-image-1540\" srcset=\"http:\/\/tischler-johannsmann.de\/wordpress\/wp-content\/uploads\/2019\/02\/IMG-20180120-WA0025.jpg 1280w, http:\/\/tischler-johannsmann.de\/wordpress\/wp-content\/uploads\/2019\/02\/IMG-20180120-WA0025-300x225.jpg 300w, http:\/\/tischler-johannsmann.de\/wordpress\/wp-content\/uploads\/2019\/02\/IMG-20180120-WA0025-768x576.jpg 768w, http:\/\/tischler-johannsmann.de\/wordpress\/wp-content\/uploads\/2019\/02\/IMG-20180120-WA0025-1024x768.jpg 1024w\" sizes=\"(max-width: 1280px) 100vw, 1280px\" \/><\/a><figcaption class=\"wp-element-caption\"><strong>Betten<\/strong><\/figcaption><\/figure>\n\n\n\n<figure class=\"wp-block-image size-large\"><a href=\"http:\/\/tischler-johannsmann.de\/wordpress\/wp-content\/uploads\/2019\/02\/12.2015-032.jpg\"><img loading=\"lazy\" decoding=\"async\" width=\"3024\" height=\"4032\" data-id=\"1541\" src=\"http:\/\/tischler-johannsmann.de\/wordpress\/wp-content\/uploads\/2019\/02\/12.2015-032.jpg\" alt=\"\" class=\"wp-image-1541\" srcset=\"http:\/\/tischler-johannsmann.de\/wordpress\/wp-content\/uploads\/2019\/02\/12.2015-032.jpg 3024w, http:\/\/tischler-johannsmann.de\/wordpress\/wp-content\/uploads\/2019\/02\/12.2015-032-225x300.jpg 225w, http:\/\/tischler-johannsmann.de\/wordpress\/wp-content\/uploads\/2019\/02\/12.2015-032-768x1024.jpg 768w\" sizes=\"(max-width: 3024px) 100vw, 3024px\" \/><\/a><figcaption class=\"wp-element-caption\"><strong>Schr\u00e4nke<\/strong><\/figcaption><\/figure>\n\n\n\n<figure class=\"wp-block-image size-large\"><a href=\"http:\/\/tischler-johannsmann.de\/wordpress\/wp-content\/uploads\/2019\/02\/Bilder-iphone-15.11.14-053.jpg\"><img loading=\"lazy\" decoding=\"async\" width=\"3264\" height=\"2448\" data-id=\"1542\" src=\"http:\/\/tischler-johannsmann.de\/wordpress\/wp-content\/uploads\/2019\/02\/Bilder-iphone-15.11.14-053.jpg\" alt=\"Galerie M\u00f6bel- &amp; Einrichtungsausbau\" class=\"wp-image-1542\" srcset=\"http:\/\/tischler-johannsmann.de\/wordpress\/wp-content\/uploads\/2019\/02\/Bilder-iphone-15.11.14-053.jpg 3264w, http:\/\/tischler-johannsmann.de\/wordpress\/wp-content\/uploads\/2019\/02\/Bilder-iphone-15.11.14-053-300x225.jpg 300w, http:\/\/tischler-johannsmann.de\/wordpress\/wp-content\/uploads\/2019\/02\/Bilder-iphone-15.11.14-053-768x576.jpg 768w, http:\/\/tischler-johannsmann.de\/wordpress\/wp-content\/uploads\/2019\/02\/Bilder-iphone-15.11.14-053-1024x768.jpg 1024w\" sizes=\"(max-width: 3264px) 100vw, 3264px\" \/><\/a><figcaption class=\"wp-element-caption\"><strong>Treppen(-gel\u00e4nder)<\/strong><\/figcaption><\/figure>\n\n\n\n<figure class=\"wp-block-image size-large\"><a href=\"http:\/\/tischler-johannsmann.de\/wordpress\/wp-content\/uploads\/2019\/02\/IMG_4678.jpg\"><img loading=\"lazy\" decoding=\"async\" width=\"4032\" height=\"3024\" data-id=\"1498\" src=\"http:\/\/tischler-johannsmann.de\/wordpress\/wp-content\/uploads\/2019\/02\/IMG_4678.jpg\" alt=\"\" class=\"wp-image-1498\" srcset=\"http:\/\/tischler-johannsmann.de\/wordpress\/wp-content\/uploads\/2019\/02\/IMG_4678.jpg 4032w, http:\/\/tischler-johannsmann.de\/wordpress\/wp-content\/uploads\/2019\/02\/IMG_4678-300x225.jpg 300w, http:\/\/tischler-johannsmann.de\/wordpress\/wp-content\/uploads\/2019\/02\/IMG_4678-768x576.jpg 768w, http:\/\/tischler-johannsmann.de\/wordpress\/wp-content\/uploads\/2019\/02\/IMG_4678-1024x768.jpg 1024w\" sizes=\"(max-width: 4032px) 100vw, 4032px\" \/><\/a><figcaption class=\"wp-element-caption\"><strong>Tische<\/strong><\/figcaption><\/figure>\n<\/figure>\n\n\n\n<p><\/p>\n","protected":false},"excerpt":{"rendered":"<p>M\u00f6bel zu schaffen, die nicht nur ihren Zweck erf\u00fcllen, sondern auch eine Geschichte erz\u00e4hlen \u2013 egal, ob Sie einen Esstisch oder einen Wohnzimmerschrank suchen.<\/p>\n","protected":false},"author":1,"featured_media":0,"parent":0,"menu_order":0,"comment_status":"closed","ping_status":"closed","template":"","meta":{"footnotes":""},"_links":{"self":[{"href":"http:\/\/tischler-johannsmann.de\/wordpress\/wp-json\/wp\/v2\/pages\/24"}],"collection":[{"href":"http:\/\/tischler-johannsmann.de\/wordpress\/wp-json\/wp\/v2\/pages"}],"about":[{"href":"http:\/\/tischler-johannsmann.de\/wordpress\/wp-json\/wp\/v2\/types\/page"}],"author":[{"embeddable":true,"href":"http:\/\/tischler-johannsmann.de\/wordpress\/wp-json\/wp\/v2\/users\/1"}],"replies":[{"embeddable":true,"href":"http:\/\/tischler-johannsmann.de\/wordpress\/wp-json\/wp\/v2\/comments?post=24"}],"version-history":[{"count":4,"href":"http:\/\/tischler-johannsmann.de\/wordpress\/wp-json\/wp\/v2\/pages\/24\/revisions"}],"predecessor-version":[{"id":1653,"href":"http:\/\/tischler-johannsmann.de\/wordpress\/wp-json\/wp\/v2\/pages\/24\/revisions\/1653"}],"wp:attachment":[{"href":"http:\/\/tischler-johannsmann.de\/wordpress\/wp-json\/wp\/v2\/media?parent=24"}],"curies":[{"name":"wp","href":"https:\/\/api.w.org\/{rel}","templated":true}]}}