{"id":25,"date":"2016-02-12T08:13:22","date_gmt":"2016-02-12T08:13:22","guid":{"rendered":"http:\/\/demos.famethemes.com\/onepress\/?page_id=25"},"modified":"2024-01-02T09:02:21","modified_gmt":"2024-01-02T08:02:21","slug":"service-title-3","status":"publish","type":"page","link":"http:\/\/tischler-johannsmann.de\/wordpress\/service-title-3\/","title":{"rendered":"T\u00fcren, Tore und Z\u00e4une"},"content":{"rendered":"<p>T\u00fcren, Tore und Z\u00e4une sind die Visitenkarte eines Hauses. Hier geht es um Sicherheit, gutes Design und solides Handwerk. Mit Liebe zum Detail gestalte ich individuelle Eingangsbereiche, die nicht nur sch\u00fctzen, sondern auch den ersten Eindruck perfekt machen. Ob rustikal, modern oder zeitlos \u2013 entdecken Sie die Vielfalt meiner gestalterischen M\u00f6glichkeiten.<\/p>\n\n\n<figure class=\"wp-block-gallery has-nested-images columns-default is-cropped wp-block-gallery-1 is-layout-flex wp-block-gallery-is-layout-flex\">\n<figure class=\"wp-block-image size-large\"><a href=\"http:\/\/tischler-johannsmann.de\/wordpress\/wp-content\/uploads\/2019\/02\/IMG-20180221-WA0002-e1550149190583.jpg\"><img decoding=\"async\" data-id=\"1544\" src=\"http:\/\/tischler-johannsmann.de\/wordpress\/wp-content\/uploads\/2019\/02\/IMG-20180221-WA0002-e1550149190583.jpg\" alt=\"\" class=\"wp-image-1544\"\/><\/a><figcaption>T\u00fcren<\/figcaption><\/figure>\n\n\n\n<figure class=\"wp-block-image size-large\"><a href=\"http:\/\/tischler-johannsmann.de\/wordpress\/wp-content\/uploads\/2019\/02\/Bilder-2015-066.jpg\"><img loading=\"lazy\" decoding=\"async\" width=\"3264\" height=\"2448\" data-id=\"1500\" src=\"http:\/\/tischler-johannsmann.de\/wordpress\/wp-content\/uploads\/2019\/02\/Bilder-2015-066.jpg\" alt=\"\" class=\"wp-image-1500\" srcset=\"http:\/\/tischler-johannsmann.de\/wordpress\/wp-content\/uploads\/2019\/02\/Bilder-2015-066.jpg 3264w, http:\/\/tischler-johannsmann.de\/wordpress\/wp-content\/uploads\/2019\/02\/Bilder-2015-066-300x225.jpg 300w, http:\/\/tischler-johannsmann.de\/wordpress\/wp-content\/uploads\/2019\/02\/Bilder-2015-066-768x576.jpg 768w, http:\/\/tischler-johannsmann.de\/wordpress\/wp-content\/uploads\/2019\/02\/Bilder-2015-066-1024x768.jpg 1024w\" sizes=\"(max-width: 3264px) 100vw, 3264px\" \/><\/a><figcaption>Z\u00e4une und Tore<\/figcaption><\/figure>\n\n\n\n<figure class=\"wp-block-image size-large\"><a href=\"http:\/\/tischler-johannsmann.de\/wordpress\/wp-content\/uploads\/2019\/02\/2016-i-phone-012.jpg\"><img loading=\"lazy\" decoding=\"async\" width=\"4032\" height=\"3024\" data-id=\"1499\" src=\"http:\/\/tischler-johannsmann.de\/wordpress\/wp-content\/uploads\/2019\/02\/2016-i-phone-012.jpg\" alt=\"T\u00fcren, Tore &amp; Z\u00e4une\" class=\"wp-image-1499\" srcset=\"http:\/\/tischler-johannsmann.de\/wordpress\/wp-content\/uploads\/2019\/02\/2016-i-phone-012.jpg 4032w, http:\/\/tischler-johannsmann.de\/wordpress\/wp-content\/uploads\/2019\/02\/2016-i-phone-012-300x225.jpg 300w, http:\/\/tischler-johannsmann.de\/wordpress\/wp-content\/uploads\/2019\/02\/2016-i-phone-012-768x576.jpg 768w, http:\/\/tischler-johannsmann.de\/wordpress\/wp-content\/uploads\/2019\/02\/2016-i-phone-012-1024x768.jpg 1024w\" sizes=\"(max-width: 4032px) 100vw, 4032px\" \/><\/a><figcaption>Doppelt\u00fcren<\/figcaption><\/figure>\n<\/figure>\n","protected":false},"excerpt":{"rendered":"<p>T\u00fcren, Tore und Z\u00e4une sind die Visitenkarte eines Hauses. Hier geht es um Sicherheit, gutes Design und solides Handwerk.<\/p>\n","protected":false},"author":1,"featured_media":0,"parent":0,"menu_order":0,"comment_status":"closed","ping_status":"closed","template":"","meta":{"footnotes":""},"_links":{"self":[{"href":"http:\/\/tischler-johannsmann.de\/wordpress\/wp-json\/wp\/v2\/pages\/25"}],"collection":[{"href":"http:\/\/tischler-johannsmann.de\/wordpress\/wp-json\/wp\/v2\/pages"}],"about":[{"href":"http:\/\/tischler-johannsmann.de\/wordpress\/wp-json\/wp\/v2\/types\/page"}],"author":[{"embeddable":true,"href":"http:\/\/tischler-johannsmann.de\/wordpress\/wp-json\/wp\/v2\/users\/1"}],"replies":[{"embeddable":true,"href":"http:\/\/tischler-johannsmann.de\/wordpress\/wp-json\/wp\/v2\/comments?post=25"}],"version-history":[{"count":3,"href":"http:\/\/tischler-johannsmann.de\/wordpress\/wp-json\/wp\/v2\/pages\/25\/revisions"}],"predecessor-version":[{"id":1654,"href":"http:\/\/tischler-johannsmann.de\/wordpress\/wp-json\/wp\/v2\/pages\/25\/revisions\/1654"}],"wp:attachment":[{"href":"http:\/\/tischler-johannsmann.de\/wordpress\/wp-json\/wp\/v2\/media?parent=25"}],"curies":[{"name":"wp","href":"https:\/\/api.w.org\/{rel}","templated":true}]}}