{"id":26,"date":"2016-02-12T08:13:33","date_gmt":"2016-02-12T08:13:33","guid":{"rendered":"http:\/\/demos.famethemes.com\/onepress\/?page_id=26"},"modified":"2024-01-02T09:03:04","modified_gmt":"2024-01-02T08:03:04","slug":"service-title-4","status":"publish","type":"page","link":"http:\/\/tischler-johannsmann.de\/wordpress\/service-title-4\/","title":{"rendered":"Gartenh\u00fcten, Sommerh\u00e4user und Pavillons"},"content":{"rendered":"<p>Ihr Garten als erweiterter Wohnraum \u2013 meine Gartenh\u00fctten, Sommerh\u00e4user und Pavillons schaffen eine Verbindung zwischen Natur und Gem\u00fctlichkeit. Hier entstehen R\u00fcckzugsorte zum Tr\u00e4umen und Entspannen. Gemeinsam gestalten wir ma\u00dfgeschneiderte Holzbauten, die den Charme Ihres Gartens neu definieren.<\/p>\n\n\n<figure class=\"wp-block-gallery has-nested-images columns-default is-cropped wp-block-gallery-1 is-layout-flex wp-block-gallery-is-layout-flex\">\n<figure class=\"wp-block-image size-large\"><a href=\"http:\/\/tischler-johannsmann.de\/wordpress\/wp-content\/uploads\/2019\/02\/Pavillon-Holz-Weka.jpg\"><img loading=\"lazy\" decoding=\"async\" width=\"500\" height=\"390\" data-id=\"1547\" src=\"http:\/\/tischler-johannsmann.de\/wordpress\/wp-content\/uploads\/2019\/02\/Pavillon-Holz-Weka.jpg\" alt=\"Gartenh\u00fctten &amp; Pavillons\" class=\"wp-image-1547\" srcset=\"http:\/\/tischler-johannsmann.de\/wordpress\/wp-content\/uploads\/2019\/02\/Pavillon-Holz-Weka.jpg 500w, http:\/\/tischler-johannsmann.de\/wordpress\/wp-content\/uploads\/2019\/02\/Pavillon-Holz-Weka-300x234.jpg 300w\" sizes=\"(max-width: 500px) 100vw, 500px\" \/><\/a><\/figure>\n<\/figure>\n","protected":false},"excerpt":{"rendered":"<p>Ihr Garten als erweiterter Wohnraum \u2013 meine Gartenh\u00fctten, Sommerh\u00e4user und Pavillons schaffen eine Verbindung zwischen Natur und Gem\u00fctlichkeit.<\/p>\n","protected":false},"author":1,"featured_media":0,"parent":0,"menu_order":0,"comment_status":"closed","ping_status":"closed","template":"","meta":{"footnotes":""},"_links":{"self":[{"href":"http:\/\/tischler-johannsmann.de\/wordpress\/wp-json\/wp\/v2\/pages\/26"}],"collection":[{"href":"http:\/\/tischler-johannsmann.de\/wordpress\/wp-json\/wp\/v2\/pages"}],"about":[{"href":"http:\/\/tischler-johannsmann.de\/wordpress\/wp-json\/wp\/v2\/types\/page"}],"author":[{"embeddable":true,"href":"http:\/\/tischler-johannsmann.de\/wordpress\/wp-json\/wp\/v2\/users\/1"}],"replies":[{"embeddable":true,"href":"http:\/\/tischler-johannsmann.de\/wordpress\/wp-json\/wp\/v2\/comments?post=26"}],"version-history":[{"count":4,"href":"http:\/\/tischler-johannsmann.de\/wordpress\/wp-json\/wp\/v2\/pages\/26\/revisions"}],"predecessor-version":[{"id":1655,"href":"http:\/\/tischler-johannsmann.de\/wordpress\/wp-json\/wp\/v2\/pages\/26\/revisions\/1655"}],"wp:attachment":[{"href":"http:\/\/tischler-johannsmann.de\/wordpress\/wp-json\/wp\/v2\/media?parent=26"}],"curies":[{"name":"wp","href":"https:\/\/api.w.org\/{rel}","templated":true}]}}